{"id":90,"date":"2022-03-21T09:54:55","date_gmt":"2022-03-21T08:54:55","guid":{"rendered":"https:\/\/www.molinospoletini.it\/legal-privacy\/"},"modified":"2023-01-25T17:31:59","modified_gmt":"2023-01-25T16:31:59","slug":"termini-e-condizioni","status":"publish","type":"page","link":"https:\/\/www.molinospoletini.it\/en\/termini-e-condizioni\/","title":{"rendered":"Terms and Conditions"},"content":{"rendered":"<div style=\"height:40px\" aria-hidden=\"true\" class=\"wp-block-spacer\"><\/div>\n\n\n\n<p><strong>Condizioni Generali<\/strong><\/p>\n\n\n\n<p>(ai sensi del Capo I, titolo 3, parte 3, del d.lgs. 206\/2005 e successive modifiche e integrazioni)<\/p>\n\n\n\n<ol class=\"wp-block-list\">\n<li><strong>Premessa ed efficacia delle Condizioni Generali<\/strong><\/li>\n<\/ol>\n\n\n\n<p>Le presenti condizioni generali di vendita (nel seguito, \u201cCondizioni Generali\u201d) hanno per oggetto la disciplina dell\u2019acquisto dei prodotti e dei servizi, effettuati a distanza e resi disponibili, tramite rete internet, dal sito www.molinospoletini.it (nel seguito, il \u201cSito\u201d) nel rispetto della normativa italiana di cui al d. lgs. n. 206\/2005 e successive modifiche e integrazioni (nel seguito, \u201cCodice del Consumo\u201d). Il venditore dei prodotti e titolare del Sito \u00e8: Spoletini Samuele, con sede legale in Via Magnadorsa 77, 60011, Arcevia (AN) \u2013 Partita Iva 02792180420 \u2013 Indirizzo di posta elettronica: <a href=\"mailto:info@molinospoletini.it\">info@molinospoletini.it<\/a> (nel seguito \u201cMolino Spoletini\u201d).<\/p>\n\n\n\n<p>Il consumatore (nel seguito \u201cCliente\u201d) che accede al Sito per effettuare acquisti \u00e8 tenuto, prima dell\u2019invio dell\u2019ordine, a leggere attentamente le presenti Condizioni Generali che sono state messe a sua disposizione sul Sito e che saranno consultabili in ogni momento dal Cliente anche attraverso il link contenuto nell\u2019email di conferma di ogni ordine per consentirgliene la riproduzione e la memorizzazione.<\/p>\n\n\n\n<p>Nel caso in cui il soggetto che effettua acquisti sul Sito richieda l\u2019emissione di fattura e\/o comunque non sia un \u201cconsumatore o utente\u201d come definito all\u2019art. 3, comma 1, lett. a), del Codice del Consumo, non troveranno applicazione, in particolare, le disposizioni di cui agli artt. 8 e 9 delle presenti Condizioni Generali e, pi\u00f9 in generale, le previsioni che ai sensi del Codice del Consumo si applicano unicamente ai \u201cconsumatori\u201d.<\/p>\n\n\n\n<p>I contratti conclusi con Molino Spoletini attraverso il Sito sono regolati dalle presenti Condizioni Generali nel rispetto della normativa italiana. La lingua a disposizione per concludere il contratto \u00e8 l\u2019italiano.<\/p>\n\n\n\n<ol class=\"wp-block-list\" start=\"2\">\n<li><strong>Scegliere e ordinare i Prodotti<\/strong><\/li>\n<\/ol>\n\n\n\n<p>Le caratteristiche e il prezzo dei prodotti in vendita sul Sito (nel seguito \u201cProdotto\u201d o \u201cProdotti\u201d) sono riportati nella pagina relativa a ciascun Prodotto. Per l\u2019acquisto dei Prodotti il Cliente dovr\u00e0 compilare e inviare il modulo d\u2019ordine in formato elettronico, seguendo le istruzioni contenute nel Sito. Il Cliente dovr\u00e0 aggiungere il Prodotto al \u201cCarrello\u201d e, dopo aver preso visione delle Condizioni Generali e della Politica di Privacy e confermato la loro accettazione, dovr\u00e0 inserire i dati di spedizione ed eventuale fatturazione, selezionare la modalit\u00e0 di pagamento desiderata e confermare l\u2019ordine.<\/p>\n\n\n\n<p>Con l\u2019invio dell\u2019ordine dal Sito, che ha valore di proposta contrattuale, il Cliente riconosce e dichiara di aver preso visione di tutte le indicazioni fornitegli durante la procedura d\u2019acquisto e di accettare integralmente le presenti Condizioni Generali e di pagamento trascritte. Il contratto stipulato tra Molino Spoletini e il Cliente deve intendersi concluso con l\u2019accettazione dell\u2019ordine da parte di Molino Spoletini.<\/p>\n\n\n\n<p>Tale accettazione viene comunicata al Cliente attraverso un\u2019email di conferma dell\u2019ordine stesso contenente il numero d\u2019ordine, i dati di spedizione e fatturazione, l\u2019elenco dei Prodotti ordinati con le loro caratteristiche essenziali e il prezzo complessivo, incluse le spese di consegna. Il Cliente controller\u00e0 l\u2019email di conferma e qualora individui degli errori nell\u2019ordine avr\u00e0 12 ore di tempo dalla ricezione di tale email per contattare il Servizio Clienti tramite mail all\u2019indirizzo <a href=\"mailto:info@molinospoletini.it\">info@molinospoletini.it<\/a>.<\/p>\n\n\n\n<p>Trascorso tale termine l\u2019ordine verr\u00e0 messo in stato di lavorazione per la spedizione e non saranno pi\u00f9 accettate modifiche, senza pregiudizio per i diritti del Cliente di cui al successivo art. 7. Una volta ricevuto l\u2019ordine, Molino Spoletini verificher\u00e0 la disponibilit\u00e0 degli stock per l\u2019evasione dell\u2019ordine stesso. Nel caso in cui uno o pi\u00f9 Prodotti non risultassero disponibili, il Servizio Clienti Molino Spoletini invier\u00e0 tempestiva comunicazione via email al Cliente il quale, entro le successive 48 ore, avr\u00e0 facolt\u00e0 di rispondere per confermare la spedizione degli eventuali ulteriori Prodotti disponibili o annullarla. In caso di mancata risposta entro tale termine, l\u2019ordine verr\u00e0 annullato senza addebito di spese per il cliente stesso.<\/p>\n\n\n\n<ol class=\"wp-block-list\" start=\"3\">\n<li><strong>Informazioni sui Prodotti<\/strong><\/li>\n<\/ol>\n\n\n\n<p>Le informazioni e le caratteristiche relative ai Prodotti sono disponibili, con i relativi codici di Prodotto, sul Sito. La rappresentazione visiva dei Prodotti sul Sito, ove disponibile, corrisponde normalmente all\u2019immagine fotografica a corredo della scheda descrittiva. Resta inteso che l\u2019immagine dei Prodotti stessi ha il solo scopo di presentarli per la vendita e pu\u00f2 non essere perfettamente rappresentativa delle sue caratteristiche e qualit\u00e0 ma potr\u00e0 differire per colore e dimensioni. In caso di differenza tra l\u2019immagine e la scheda prodotto scritta, fa sempre fede la descrizione della scheda prodotto.<\/p>\n\n\n\n<ol class=\"wp-block-list\" start=\"4\">\n<li><strong>Prezzi e spedizioni<\/strong><\/li>\n<\/ol>\n\n\n\n<p id=\"spedizioni\">I prezzi dei prodotti sono comprensivi di tutte le tasse e imposte. Tutti i prezzi sono espressi in Euro. I prezzi delle spedizioni vengono calcolati automaticamente dal sistema e mostrati al cliente durante la procedura di conferma d\u2019ordine.<\/p>\n\n\n\n<p>Il costo della spedizione \u00e8 gratuita per ordini superiori a 50,00 \u20ac. Per ordini inferiori vengono addebitati 7,00&nbsp;\u20ac. In alternativa, \u00e8 possibile richiedere il ritiro tramite Fermopoint al costo di 5,00&nbsp;\u20ac.<\/p>\n\n\n\n<ol class=\"wp-block-list\" start=\"5\">\n<li><strong>Modalit\u00e0 di pagamento<\/strong><\/li>\n<\/ol>\n\n\n\n<p>Il Cliente potr\u00e0 effettuare il pagamento del prezzo dei Prodotti e delle relative spese di consegna mediante PayPal e contrassegno.<br>Se si sceglie PayPal: Una volta confermato l\u2019ordine, il Cliente sar\u00e0 reindirizzato al sito di PayPal dove potr\u00e0 effettuare il pagamento con il suo conto oppure utilizzando una carta, anche prepagata, o comunque secondo le modalit\u00e0 accettate da Paypal e nel rispetto delle relative condizioni.<\/p>\n\n\n\n<ol class=\"wp-block-list\" start=\"6\">\n<li><strong>Trasporto e consegna<\/strong><\/li>\n<\/ol>\n\n\n\n<p>I Prodotti acquistati sul Sito verranno consegnati all\u2019indirizzo indicato dal Cliente durante la procedura d\u2019acquisto nell\u2019apposito campo \u201cDati di Spedizione\u201d. Tutti gli acquisti verranno consegnati mediante corriere espresso (nel seguito, \u201cCorriere\u201d) dal luned\u00ec al venerd\u00ec, esclusi festivi e feste nazionali. Molino Spoletini non \u00e8 responsabile per ritardi non prevedibili o non imputabili ad essa.<br>In ogni caso, salvi casi di forza maggiore o caso fortuito, i Prodotti ordinati saranno consegnati entro un termine di 7 (sette) giorni lavorativi a decorrere dal giorno successivo a quello in cui Molino Spoletini ha confermato l\u2019ordine al Cliente tramite apposita email di conferma d\u2019ordine.<\/p>\n\n\n\n<ol class=\"wp-block-list\" start=\"7\">\n<li><strong>Diritto di recesso<\/strong><\/li>\n<\/ol>\n\n\n\n<p>Il Cliente, ai sensi dell\u2019art. 52 del Codice del Consumo, ha diritto di recedere dal contratto di acquisto senza penalit\u00e0 entro 14 (quattordici) giorni dal ricevimento dei Prodotti. Ai fini dell\u2019esercizio del diritto di recesso, il Cliente \u00e8 tenuto a contattare il Servizio Clienti tramite mail all\u2019indirizzo <a href=\"mailto:info@molinospoletini.it\">info@molinospoletini.it<\/a>.<\/p>\n\n\n\n<p>Il Cliente che esercita il diritto di recesso dovr\u00e0 rispedire o consegnare i Prodotti al Molino Spoletini entro il termine di 14 (quattordici) giorni dalla data in cui ha comunicato il suo recesso dal contratto. Il Cliente, al ricevimento dei Prodotti da parte del Molino Spoletini, sar\u00e0 rimborsato di quanto pagato in nostro favore, tramite lo stesso mezzo di pagamento utilizzato dal Cliente medesimo.<\/p>\n\n\n\n<ol class=\"wp-block-list\" start=\"8\">\n<li><strong>Garanzia e Difetti di conformit\u00e0<\/strong><\/li>\n<\/ol>\n\n\n\n<p>In caso di difetti di conformit\u00e0 di Prodotti venduti da Molino Spoletini il Cliente dovr\u00e0 contattare immediatamente il Servizio Clienti inviando una mail all\u2019indirizzo <a href=\"mailto:info@molinospoletini.it\">info@molinospoletini.it<\/a>. Alla vendita dei Prodotti si applicano le garanzie legali previste dagli articoli 129, 130 e 132 del Codice del Consumo. Il Cliente ha diritto, a sua scelta e a condizione che la tipologia del Prodotto lo consenta, al ripristino, senza spese, della conformit\u00e0 del Prodotto mediante riparazione o sostituzione, oppure ad una adeguata riduzione del prezzo o alla risoluzione del contratto. Il Cliente decade da tali diritti se non denuncia a Molino Spoletini il difetto di conformit\u00e0 entro il termine di 7 giorni dalla data in cui ha scoperto il difetto.<\/p>\n\n\n\n<ol class=\"wp-block-list\" start=\"9\">\n<li><strong>Errori e limitazioni di responsabilit\u00e0<\/strong><\/li>\n<\/ol>\n\n\n\n<p>Le informazioni relative ai Prodotti fornite attraverso il Sito sono costantemente aggiornate. Non \u00e8 tuttavia possibile garantire la completa assenza di errori dei quali pertanto Molino Spoletini non potr\u00e0 considerarsi responsabile, salvo in caso di dolo o colpa grave. Molino Spoletini si riserva il diritto di correggere gli errori, le inesattezze o le omissioni anche dopo che sia stato inviato un ordine, oppure di modificare o aggiornare le informazioni in qualsiasi momento senza preventiva comunicazione, fermi restando i diritti del Cliente ai sensi delle presenti Condizioni Generali e del Codice del Consumo. Salvo dolo o colpa grave, viene escluso ogni diritto del Cliente al risarcimento di danni o al riconoscimento di un indennizzo, nonch\u00e9 qualsiasi responsabilit\u00e0 contrattuale o extracontrattuale per danni diretti o indiretti a persone e\/o cose, provocati dalla mancata accettazione o evasione, anche parziale, di un ordine.<\/p>\n\n\n\n<ol class=\"wp-block-list\" start=\"10\">\n<li><strong>Reclami<\/strong><\/li>\n<\/ol>\n\n\n\n<p>Ogni eventuale reclamo dovr\u00e0 essere inoltrato a Molino Spoletini tramite email all\u2019indirizzo <a href=\"mailto:info@molinospoletini.it\">info@molinospoletini.it<\/a> o mediante raccomandata a\/r al seguente indirizzo: Via Magnadorsa 77, 60011, Arcevia (AN).<br>Molino Spoletini si impegna a rispondere a tutte le richieste pervenute entro un massimo di 7 (sette) giorni lavorativi dalla ricezione delle stesse.<\/p>\n\n\n\n<ol class=\"wp-block-list\" start=\"11\">\n<li><strong>Legge applicabile e foro competente<\/strong><\/li>\n<\/ol>\n\n\n\n<p>Il contratto di vendita tra il Cliente e Molino Spoletini s\u2019intende concluso in Italia e regolato dalla Legge Italiana. Per la soluzione di controversie relative all\u2019interpretazione, esecuzione o risoluzione delle presenti Condizioni Generali o di singoli ordini di acquisto se il Cliente \u00e8 un consumatore ai sensi del Codice del Consumo, sar\u00e0 competente in via esclusiva il foro del suo comune di residenza o di domicilio se ubicato nel territorio italiano; in tutti gli altri casi, la competenza territoriale \u00e8 esclusivamente quella del Foro di Ancona.<\/p>\n\n\n\n<p>***<\/p>\n\n\n\n<p>Ai sensi dell\u2019art. 1341 c.c. il Cliente dichiara di aver letto e di accettare specificamente tutti gli articoli delle presenti Condizioni Generali.<\/p>\n\n\n\n<div style=\"height:40px\" aria-hidden=\"true\" class=\"wp-block-spacer\"><\/div>","protected":false},"excerpt":{"rendered":"<p>Condizioni Generali (ai sensi del Capo I, titolo 3, parte 3, del d.lgs. 206\/2005 e successive modifiche e integrazioni) Le presenti condizioni generali di vendita (nel seguito, \u201cCondizioni Generali\u201d) hanno per oggetto la disciplina dell\u2019acquisto dei prodotti e dei servizi, effettuati a distanza e resi disponibili, tramite rete internet, dal sito www.molinospoletini.it (nel seguito, il [&hellip;]<\/p>","protected":false},"author":1,"featured_media":0,"parent":0,"menu_order":0,"comment_status":"closed","ping_status":"closed","template":"","meta":{"footnotes":""},"class_list":["post-90","page","type-page","status-publish","hentry"],"_links":{"self":[{"href":"https:\/\/www.molinospoletini.it\/en\/wp-json\/wp\/v2\/pages\/90","targetHints":{"allow":["GET"]}}],"collection":[{"href":"https:\/\/www.molinospoletini.it\/en\/wp-json\/wp\/v2\/pages"}],"about":[{"href":"https:\/\/www.molinospoletini.it\/en\/wp-json\/wp\/v2\/types\/page"}],"author":[{"embeddable":true,"href":"https:\/\/www.molinospoletini.it\/en\/wp-json\/wp\/v2\/users\/1"}],"replies":[{"embeddable":true,"href":"https:\/\/www.molinospoletini.it\/en\/wp-json\/wp\/v2\/comments?post=90"}],"version-history":[{"count":29,"href":"https:\/\/www.molinospoletini.it\/en\/wp-json\/wp\/v2\/pages\/90\/revisions"}],"predecessor-version":[{"id":4449,"href":"https:\/\/www.molinospoletini.it\/en\/wp-json\/wp\/v2\/pages\/90\/revisions\/4449"}],"wp:attachment":[{"href":"https:\/\/www.molinospoletini.it\/en\/wp-json\/wp\/v2\/media?parent=90"}],"curies":[{"name":"wp","href":"https:\/\/api.w.org\/{rel}","templated":true}]}}